{"id":1176,"date":"2023-05-06T23:59:43","date_gmt":"2023-05-06T23:59:43","guid":{"rendered":"http:\/\/babysitting.is\/?page_id=1176"},"modified":"2023-07-17T10:12:48","modified_gmt":"2023-07-17T10:12:48","slug":"nyskraning","status":"publish","type":"page","link":"https:\/\/babysitting.is\/en\/nyskraning\/","title":{"rendered":"Create an account"},"content":{"rendered":"<div class=\"wpb-content-wrapper\"><div data-vc-full-width=\"true\" data-vc-full-width-init=\"false\" class=\"vc_row wpb_row vc_row-fluid vc_custom_1685054706035 vc_row-has-fill\"><div class=\"wpb_column vc_column_container vc_col-sm-1 sc_layouts_column_icons_position_left\"><div class=\"vc_column-inner\"><div class=\"wpb_wrapper\"><\/div><\/div><\/div><div class=\"wpb_column vc_column_container vc_col-sm-10 sc_layouts_column_icons_position_left\"><div class=\"vc_column-inner\"><div class=\"wpb_wrapper\"><div class=\"vc_empty_space\"   style=\"height: 7.3em\"><span class=\"vc_empty_space_inner\"><\/span><\/div><div class=\"vc_row wpb_row vc_inner vc_row-fluid\"><div class=\"wpb_column vc_column_container vc_col-sm-2 sc_layouts_column_icons_position_left\"><div class=\"vc_column-inner\"><div class=\"wpb_wrapper\"><\/div><\/div><\/div><div class=\"wpb_column vc_column_container vc_col-sm-8 sc_layouts_column_icons_position_left\"><div class=\"vc_column-inner\"><div class=\"wpb_wrapper\"><div id=\"sc_title_706536794\"\n\t\tclass=\"sc_title color_style_default sc_title_default go-center\"><h3 class=\"sc_item_title sc_title_title sc_align_center sc_item_title_style_default\">Information for Signup<\/h3><div class=\"sc_item_descr sc_title_descr sc_align_center\"><p>Important to fill all the required fields and make sure your information is correct.<\/p>\n<\/div><\/div><!-- \/.sc_title --><\/div><\/div><\/div><div class=\"wpb_column vc_column_container vc_col-sm-2 sc_layouts_column_icons_position_left\"><div class=\"vc_column-inner\"><div class=\"wpb_wrapper\"><\/div><\/div><\/div><\/div><div class=\"vc_empty_space\"   style=\"height: 1.1em\"><span class=\"vc_empty_space_inner\"><\/span><\/div>\n<div class=\"wpcf7 no-js\" id=\"wpcf7-f954-o1\" lang=\"en-US\" dir=\"ltr\" data-wpcf7-id=\"954\">\n<div class=\"screen-reader-response\"><p role=\"status\" aria-live=\"polite\" aria-atomic=\"true\"><\/p> <ul><\/ul><\/div>\n<form action=\"\/en\/wp-json\/wp\/v2\/pages\/1176#wpcf7-f954-o1\" method=\"post\" class=\"wpcf7-form init\" aria-label=\"Contact form\" novalidate=\"novalidate\" data-status=\"init\" data-trp-original-action=\"\/en\/wp-json\/wp\/v2\/pages\/1176#wpcf7-f954-o1\">\n<div style=\"display: none;\">\n<input type=\"hidden\" name=\"_wpcf7\" value=\"954\" \/>\n<input type=\"hidden\" name=\"_wpcf7_version\" value=\"6.0.6\" \/>\n<input type=\"hidden\" name=\"_wpcf7_locale\" value=\"en_US\" \/>\n<input type=\"hidden\" name=\"_wpcf7_unit_tag\" value=\"wpcf7-f954-o1\" \/>\n<input type=\"hidden\" name=\"_wpcf7_container_post\" value=\"0\" \/>\n<input type=\"hidden\" name=\"_wpcf7_posted_data_hash\" value=\"\" \/>\n<\/div>\n<div class=\"columns_wrap\">\n\t<div class=\"column-1_2\">\n\t\t<h6>First name\n\t\t<\/h6>\n\t\t<p><span class=\"wpcf7-form-control-wrap\" data-name=\"your-first-name\"><input size=\"40\" maxlength=\"400\" class=\"wpcf7-form-control wpcf7-text wpcf7-validates-as-required\" aria-required=\"true\" aria-invalid=\"false\" placeholder=\"First name\" value=\"\" type=\"text\" name=\"your-first-name\" \/><\/span>\n\t\t<\/p>\n\t<\/div>\n\t<div class=\"column-1_2\">\n\t\t<h6>Surname\n\t\t<\/h6>\n\t\t<p><span class=\"wpcf7-form-control-wrap\" data-name=\"your-last-name\"><input size=\"40\" maxlength=\"400\" class=\"wpcf7-form-control wpcf7-text wpcf7-validates-as-required\" aria-required=\"true\" aria-invalid=\"false\" placeholder=\"Surname\" value=\"\" type=\"text\" name=\"your-last-name\" \/><\/span>\n\t\t<\/p>\n\t<\/div>\n<\/div>\n<div class=\"columns_wrap\">\n\t<div class=\"column-1_3\">\n\t\t<h6>Social Security number\n\t\t<\/h6>\n\t\t<p><span class=\"wpcf7-form-control-wrap\" data-name=\"kennitala\"><input class=\"wpcf7-form-control wpcf7-number wpcf7-validates-as-number\" aria-invalid=\"false\" placeholder=\"Social Security number\" value=\"\" type=\"number\" name=\"kennitala\" \/><\/span>\n\t\t<\/p>\n\t<\/div>\n\t<div class=\"column-1_3\">\n\t\t<h6>Phone number\n\t\t<\/h6>\n\t\t<p><span class=\"wpcf7-form-control-wrap\" data-name=\"your-mob-tel\"><input size=\"40\" maxlength=\"400\" class=\"wpcf7-form-control wpcf7-tel wpcf7-validates-as-required wpcf7-text wpcf7-validates-as-tel\" aria-required=\"true\" aria-invalid=\"false\" placeholder=\"Phone number\" value=\"\" type=\"tel\" name=\"your-mob-tel\" \/><\/span>\n\t\t<\/p>\n\t<\/div>\n\t<div class=\"column-1_3\">\n\t\t<h6>E-mail address\n\t\t<\/h6>\n\t\t<p><span class=\"wpcf7-form-control-wrap\" data-name=\"your-email\"><input size=\"40\" maxlength=\"400\" class=\"wpcf7-form-control wpcf7-email wpcf7-validates-as-required wpcf7-text wpcf7-validates-as-email\" aria-required=\"true\" aria-invalid=\"false\" placeholder=\"Your email\" value=\"\" type=\"email\" name=\"your-email\" \/><\/span>\n\t\t<\/p>\n\t<\/div>\n<\/div>\n<div class=\"columns_wrap\">\n\t<div class=\"column-1_2\">\n\t\t<h6>Name of spouse if applicable\n\t\t<\/h6>\n\t\t<p><span class=\"wpcf7-form-control-wrap\" data-name=\"maki-first-name\"><input size=\"40\" maxlength=\"400\" class=\"wpcf7-form-control wpcf7-text wpcf7-validates-as-required\" aria-required=\"true\" aria-invalid=\"false\" placeholder=\"Name of spouse\" value=\"\" type=\"text\" name=\"maki-first-name\" \/><\/span>\n\t\t<\/p>\n\t<\/div>\n\t<div class=\"column-1_2\">\n\t\t<h6>Phone number of spouse if applicable\n\t\t<\/h6>\n\t\t<p><span class=\"wpcf7-form-control-wrap\" data-name=\"maki-last-name\"><input size=\"40\" maxlength=\"400\" class=\"wpcf7-form-control wpcf7-text wpcf7-validates-as-required\" aria-required=\"true\" aria-invalid=\"false\" placeholder=\"Phone number of spouse\" value=\"\" type=\"text\" name=\"maki-last-name\" \/><\/span>\n\t\t<\/p>\n\t<\/div>\n<\/div>\n<div class=\"columns_wrap\">\n\t<div class=\"column-1_3\">\n\t\t<h6>Address\n\t\t<\/h6>\n\t\t<p><span class=\"wpcf7-form-control-wrap\" data-name=\"your-street-address\"><input size=\"40\" maxlength=\"400\" class=\"wpcf7-form-control wpcf7-text wpcf7-validates-as-required\" aria-required=\"true\" aria-invalid=\"false\" placeholder=\"Gata\" value=\"\" type=\"text\" name=\"your-street-address\" \/><\/span>\n\t\t<\/p>\n\t<\/div>\n\t<div class=\"column-1_3\">\n\t\t<h6>Location\n\t\t<\/h6>\n\t\t<p><span class=\"wpcf7-form-control-wrap\" data-name=\"your-city\"><input size=\"40\" maxlength=\"400\" class=\"wpcf7-form-control wpcf7-text wpcf7-validates-as-required\" aria-required=\"true\" aria-invalid=\"false\" placeholder=\"Location\" value=\"\" type=\"text\" name=\"your-city\" \/><\/span>\n\t\t<\/p>\n\t<\/div>\n\t<div class=\"column-1_3\">\n\t\t<h6>Postcode\n\t\t<\/h6>\n\t\t<p><span class=\"wpcf7-form-control-wrap\" data-name=\"your-zip\"><input size=\"40\" maxlength=\"400\" class=\"wpcf7-form-control wpcf7-text\" aria-invalid=\"false\" placeholder=\"Postcode\" value=\"\" type=\"text\" name=\"your-zip\" \/><\/span>\n\t\t<\/p>\n\t<\/div>\n<\/div>\n<div class=\"columns_wrap\">\n\t<div class=\"column-1_2\">\n\t\t<h6>Number of children\n\t\t<\/h6>\n\t\t<p><span class=\"wpcf7-form-control-wrap\" data-name=\"baby-count\"><input class=\"wpcf7-form-control wpcf7-number wpcf7-validates-as-number\" min=\"1\" max=\"10\" aria-invalid=\"false\" value=\"fj\u00f6ldi barna\" type=\"number\" name=\"baby-count\" \/><\/span>\n\t\t<\/p>\n\t<\/div>\n<\/div>\n<div class=\"columns_wrap\">\n\t<div class=\"column-1_2\">\n\t\t<h6>Name of child 1\n\t\t<\/h6>\n\t\t<p><span class=\"wpcf7-form-control-wrap\" data-name=\"baby-name\"><input size=\"40\" maxlength=\"400\" class=\"wpcf7-form-control wpcf7-text\" aria-invalid=\"false\" placeholder=\"Name of child 1\" value=\"\" type=\"text\" name=\"baby-name\" \/><\/span>\n\t\t<\/p>\n\t<\/div>\n\t<div class=\"column-1_2\">\n\t\t<h6>Birthdate of the child\n\t\t<\/h6>\n\t\t<p><span class=\"wpcf7-form-control-wrap\" data-name=\"baby-info\"><input size=\"40\" maxlength=\"400\" class=\"wpcf7-form-control wpcf7-text\" aria-invalid=\"false\" placeholder=\"Birthdate of the child\" value=\"\" type=\"text\" name=\"baby-info\" \/><\/span>\n\t\t<\/p>\n\t<\/div>\n<\/div>\n<div class=\"columns_wrap\">\n\t<div class=\"column-1_2\">\n\t\t<h6>Name of child 2\n\t\t<\/h6>\n\t\t<p><span class=\"wpcf7-form-control-wrap\" data-name=\"baby-name2\"><input size=\"40\" maxlength=\"400\" class=\"wpcf7-form-control wpcf7-text\" aria-invalid=\"false\" placeholder=\"Name of child 2\" value=\"\" type=\"text\" name=\"baby-name2\" \/><\/span>\n\t\t<\/p>\n\t<\/div>\n\t<div class=\"column-1_2\">\n\t\t<h6>Birthdate of the child\n\t\t<\/h6>\n\t\t<p><span class=\"wpcf7-form-control-wrap\" data-name=\"baby-info2\"><input size=\"40\" maxlength=\"400\" class=\"wpcf7-form-control wpcf7-text\" aria-invalid=\"false\" placeholder=\"Birthdate of the child\" value=\"\" type=\"text\" name=\"baby-info2\" \/><\/span>\n\t\t<\/p>\n\t<\/div>\n<\/div>\n<h6>A little about your child\/ren\n<\/h6>\n<div class=\"columns_wrap\">\n\t<div class=\"column-1_1\">\n\t\t<p><span class=\"wpcf7-form-control-wrap\" data-name=\"textarea-sma-um-bornin\"><textarea cols=\"40\" rows=\"10\" maxlength=\"2000\" class=\"wpcf7-form-control wpcf7-textarea\" aria-invalid=\"false\" placeholder=\"A little about your child\/ren\" name=\"textarea-sma-um-bornin\"><\/textarea><\/span>\n\t\t<\/p>\n\t<\/div>\n<\/div>\n<h6>Does the home have any pets\n<\/h6>\n<div class=\"columns_wrap\">\n\t<div class=\"column-1_1\">\n\t\t<p><span class=\"wpcf7-form-control-wrap\" data-name=\"textarea-gaeludyr\"><textarea cols=\"40\" rows=\"10\" maxlength=\"2000\" class=\"wpcf7-form-control wpcf7-textarea\" aria-invalid=\"false\" placeholder=\"Does the home have any pets\" name=\"textarea-gaeludyr\"><\/textarea><\/span>\n\t\t<\/p>\n\t<\/div>\n<\/div>\n<h6>Specific requirements or special needs of a child\/ren\n<\/h6>\n<div class=\"columns_wrap\">\n\t<div class=\"column-1_1\">\n\t\t<p><span class=\"wpcf7-form-control-wrap\" data-name=\"textarea-tharfirbarna\"><textarea cols=\"40\" rows=\"10\" maxlength=\"2000\" class=\"wpcf7-form-control wpcf7-textarea\" aria-invalid=\"false\" placeholder=\"Specific requirements or special needs of a child\/ren\" name=\"textarea-tharfirbarna\"><\/textarea><\/span>\n\t\t<\/p>\n\t<\/div>\n<\/div>\n<h6>Light chores on request\n<\/h6>\n<div class=\"columns_wrap\">\n\t<div class=\"column-1_1\">\n\t\t<p><span class=\"wpcf7-form-control-wrap\" data-name=\"textarea-lett-heimilis\"><textarea cols=\"40\" rows=\"10\" maxlength=\"2000\" class=\"wpcf7-form-control wpcf7-textarea\" aria-invalid=\"false\" placeholder=\"Light chores on request\" name=\"textarea-lett-heimilis\"><\/textarea><\/span>\n\t\t<\/p>\n\t<\/div>\n<\/div>\n<h6>Any other information you find is needed\n<\/h6>\n<div class=\"columns_wrap\">\n\t<div class=\"column-1_1\">\n\t\t<p><span class=\"wpcf7-form-control-wrap\" data-name=\"textarea-meiri-upplysingar\"><textarea cols=\"40\" rows=\"10\" maxlength=\"2000\" class=\"wpcf7-form-control wpcf7-textarea\" aria-invalid=\"false\" placeholder=\"Any other information you find is needed\" name=\"textarea-meiri-upplysingar\"><\/textarea><\/span>\n\t\t<\/p>\n\t<\/div>\n<\/div>\n<p><span class=\"wpcf7-form-control-wrap\" data-name=\"Skilmalar\"><span class=\"wpcf7-form-control wpcf7-acceptance\"><span class=\"wpcf7-list-item\"><label><input type=\"checkbox\" name=\"Skilmalar\" value=\"1\" aria-invalid=\"false\" \/><span class=\"wpcf7-list-item-label\">I accept <a href=\"http:\/\/babysitting.is\/en\/skilmalar\/\">Terms &amp; Condition<\/a><\/span><\/label><\/span><\/span><\/span>\n<\/p>\n<div class=\"center\">\n\t<p><input class=\"wpcf7-form-control wpcf7-submit has-spinner\" type=\"submit\" value=\"Sign up\" \/>\n\t<\/p>\n<\/div><div class=\"wpcf7-response-output\" aria-hidden=\"true\"><\/div>\n<input type=\"hidden\" name=\"trp-form-language\" value=\"en\"\/><\/form>\n<\/div>\n<div class=\"vc_empty_space\"   style=\"height: 8em\"><span class=\"vc_empty_space_inner\"><\/span><\/div><div class=\"vc_empty_space  hide_on_mobile\"   style=\"height: 4em\"><span class=\"vc_empty_space_inner\"><\/span><\/div><\/div><\/div><\/div><div class=\"wpb_column vc_column_container vc_col-sm-1 sc_layouts_column_icons_position_left\"><div class=\"vc_column-inner\"><div class=\"wpb_wrapper\"><\/div><\/div><\/div><\/div><div class=\"vc_row-full-width vc_clearfix\"><\/div><div data-vc-full-width=\"true\" data-vc-full-width-init=\"false\" class=\"vc_row wpb_row vc_row-fluid extra-action vc_custom_1689588764928 vc_row-has-fill vc_row-o-content-bottom vc_row-flex\"><div class=\"wpb_column vc_column_container vc_col-sm-12 vc_col-has-fill sc_layouts_column_icons_position_left\"><div class=\"vc_column-inner vc_custom_1689588756658\"><div class=\"wpb_wrapper\"><div class=\"vc_empty_space\"   style=\"height: 3em\"><span class=\"vc_empty_space_inner\"><\/span><\/div><div class=\"vc_empty_space  hide_on_mobile\"   style=\"height: 1em\"><span class=\"vc_empty_space_inner\"><\/span><\/div><div class=\"vc_row wpb_row vc_inner vc_row-fluid vc_row-o-content-bottom vc_row-flex\"><div class=\"wpb_column vc_column_container vc_col-sm-8 sc_layouts_column_icons_position_left\"><div class=\"vc_column-inner\"><div class=\"wpb_wrapper\"><div id=\"sc_title_401713380\"\n\t\tclass=\"sc_title color_style_default scheme_dark sc_title_default go-left\"><h6 class=\"sc_item_subtitle sc_title_subtitle sc_align_left sc_item_title_style_default\">We are looking for more babysitters to join us<\/h6><h2 class=\"sc_item_title sc_title_title sc_align_left sc_item_title_style_default sc_item_title_tag\">Do you have a passion for babysitting and want to make it your profession?<\/h2><\/div><!-- \/.sc_title --><div class=\"vc_empty_space  hide_on_mobile\"   style=\"height: 1em\"><span class=\"vc_empty_space_inner\"><\/span><\/div>\n\t<div class=\"wpb_text_column wpb_content_element\" >\n\t\t<div class=\"wpb_wrapper\">\n\t\t\t<p><big><span style=\"color: #ffffff;\">The first babysitting agency of its kind in Iceland. We share a passion for taking care of children and offer a professional babysitting service for families who won't accept anything but the best for their children. If you think you have what it takes, then please do not hesitate to contact us via e-mail.<\/span><\/big><\/p>\n\n\t\t<\/div>\n\t<\/div>\n<div class=\"vc_empty_space  hide_on_mobile\"   style=\"height: 3.5em\"><span class=\"vc_empty_space_inner\"><\/span><\/div><div class=\"vc_empty_space\"   style=\"height: 1em\"><span class=\"vc_empty_space_inner\"><\/span><\/div><\/div><\/div><\/div><div class=\"wpb_column vc_column_container vc_col-sm-4 sc_layouts_column_icons_position_left\"><div class=\"vc_column-inner\"><div class=\"wpb_wrapper\"><div class=\"sc_item_button sc_button_wrap sc_align_right\"><a href=\"mailto:babysitting@babysitting.is\" id=\"sc_button_1049589271\" class=\"sc_button color_style_dark sc_button_default sc_button_size_normal sc_button_icon_left\"><span class=\"sc_button_text\"><span class=\"sc_button_title\">Sign up<\/span><\/span><!-- \/.sc_button_text --><\/a><!-- \/.sc_button --><\/div><!-- \/.sc_item_button --><div class=\"vc_empty_space  hide_on_mobile\"   style=\"height: 2em\"><span class=\"vc_empty_space_inner\"><\/span><\/div><\/div><\/div><\/div><\/div><div class=\"vc_empty_space\"   style=\"height: 3em\"><span class=\"vc_empty_space_inner\"><\/span><\/div><\/div><\/div><\/div><\/div><div class=\"vc_row-full-width vc_clearfix\"><\/div>\n<\/div>","protected":false},"excerpt":{"rendered":"Uppl\u00fdsingar Ums\u00e6kjandaMikilv\u00e6gt er a\u00f0 fylla alla reiti sem \u00e1 vi\u00f0 og passa a\u00f0 allar uppl\u00fdsingar eru r\u00e9ttar. Fornafn Eftirnafn Kennitala Fars\u00edmi Netfang Nafn maka ef vi\u00f0 \u00e1 S\u00edman\u00famer maka ef vi\u00f0 \u00e1 Heimlisfang ums\u00e6kjanda B\u00e6jarf\u00e9lag P\u00f3stn\u00famer Fj\u00f6ldi barna Nafn Barns 1 F\u00e6\u00f0ingardagurbarns Nafn Barns 2&hellip;","protected":false},"author":1,"featured_media":0,"parent":0,"menu_order":0,"comment_status":"closed","ping_status":"closed","template":"","meta":{"footnotes":""},"class_list":["post-1176","page","type-page","status-publish","hentry"],"_links":{"self":[{"href":"https:\/\/babysitting.is\/en\/wp-json\/wp\/v2\/pages\/1176","targetHints":{"allow":["GET"]}}],"collection":[{"href":"https:\/\/babysitting.is\/en\/wp-json\/wp\/v2\/pages"}],"about":[{"href":"https:\/\/babysitting.is\/en\/wp-json\/wp\/v2\/types\/page"}],"author":[{"embeddable":true,"href":"https:\/\/babysitting.is\/en\/wp-json\/wp\/v2\/users\/1"}],"replies":[{"embeddable":true,"href":"https:\/\/babysitting.is\/en\/wp-json\/wp\/v2\/comments?post=1176"}],"version-history":[{"count":12,"href":"https:\/\/babysitting.is\/en\/wp-json\/wp\/v2\/pages\/1176\/revisions"}],"predecessor-version":[{"id":1769,"href":"https:\/\/babysitting.is\/en\/wp-json\/wp\/v2\/pages\/1176\/revisions\/1769"}],"wp:attachment":[{"href":"https:\/\/babysitting.is\/en\/wp-json\/wp\/v2\/media?parent=1176"}],"curies":[{"name":"wp","href":"https:\/\/api.w.org\/{rel}","templated":true}]}}