{"id":1408,"date":"2023-05-16T20:28:11","date_gmt":"2023-05-16T20:28:11","guid":{"rendered":"http:\/\/babysitting.is\/?page_id=1408"},"modified":"2023-08-30T23:14:47","modified_gmt":"2023-08-30T23:14:47","slug":"hvernigvirkar","status":"publish","type":"page","link":"https:\/\/babysitting.is\/en\/hvernigvirkar\/","title":{"rendered":"How does this work"},"content":{"rendered":"<div class=\"wpb-content-wrapper\"><div data-vc-full-width=\"true\" data-vc-full-width-init=\"false\" class=\"vc_row wpb_row vc_row-fluid vc_custom_1684447790366 vc_row-has-fill\"><div class=\"wpb_column vc_column_container vc_col-sm-12 sc_layouts_column_icons_position_left\"><div class=\"vc_column-inner\"><div class=\"wpb_wrapper\"><div class=\"vc_empty_space  hide_on_mobile\"   style=\"height: 2.4em\"><span class=\"vc_empty_space_inner\"><\/span><\/div><div class=\"vc_empty_space\"   style=\"height: 4.8em\"><span class=\"vc_empty_space_inner\"><\/span><\/div><div id=\"sc_title_1943548903\"\n\t\tclass=\"sc_title color_style_default scheme_dark sc_title_default go-center\"><h3 class=\"sc_item_title sc_title_title sc_align_center sc_item_title_style_default\">How the service works<\/h3><\/div><!-- \/.sc_title --><div class=\"vc_empty_space\"   style=\"height: 3em\"><span class=\"vc_empty_space_inner\"><\/span><\/div><div class=\"vc_empty_space  hide_on_mobile\"   style=\"height: 1.1em\"><span class=\"vc_empty_space_inner\"><\/span><\/div><div id=\"sc_services_1236348911\" class=\"sc_services color_style_default scheme_dark sc_services_timeline sc_services_featured_top\"><div class=\"sc_services_columns_wrap sc_item_columns sc_item_columns_4 trx_addons_columns_wrap columns_padding_bottom no_margin\"><div class=\"trx_addons_column-1_4\"><div class=\"sc_services_item with_content with_image sc_services_item_featured_top\"><div class=\"sc_services_item_timeline\"><\/div><div class=\"sc_services_item_marker sc_services_item_thumb\" style=\"background-image: url(https:\/\/babysitting.is\/wp-content\/uploads\/2017\/06\/1-1.png);\"><\/div>\n\n\n\n\t\t<div class=\"number_bottom_go\">\n\t\t\t<span class=\"sc_services_item_number_bottom\">01<\/span>\n\t\t<\/div>\n\n\n\n\n\t\t\n\t<div class=\"sc_services_item_info\">\n\t\t\t\t<div class=\"sc_services_item_header\">\n\t\t\t\t\t\t<h6 class=\"sc_services_item_title\"><a href=\"https:\/\/babysitting.is\/en\/services\/nyskraning_front\/\">Create an account<\/a><\/h6>\n\t\t<\/div>\n\t\t\t\t\t<div class=\"sc_services_item_content\"><p>Start by filling out the form on \u201cCreate an account\u201d. Confirmation will arrive via an email once the company has gone over all you information.<\/p>\n<\/div>\n\t\t\t\t<\/div>\n<\/div>\n<\/div><div class=\"trx_addons_column-1_4\"><div class=\"sc_services_item with_content with_image sc_services_item_featured_top\"><div class=\"sc_services_item_timeline\"><\/div><div class=\"sc_services_item_marker sc_services_item_thumb\" style=\"background-image: url(https:\/\/babysitting.is\/wp-content\/uploads\/2017\/06\/2-1.png);\"><\/div>\n\n\n\n\t\t<div class=\"number_bottom_go\">\n\t\t\t<span class=\"sc_services_item_number_bottom\">02<\/span>\n\t\t<\/div>\n\n\n\n\n\t\t\n\t<div class=\"sc_services_item_info\">\n\t\t\t\t<div class=\"sc_services_item_header\">\n\t\t\t\t\t\t<h6 class=\"sc_services_item_title\"><a href=\"https:\/\/babysitting.is\/en\/services\/find-a-babysitter\/\">Booking<\/a><\/h6>\n\t\t<\/div>\n\t\t\t\t\t<div class=\"sc_services_item_content\"><p>Now you can book you first babysitting session by clicking \u201cBook a sitter\u201d you will be sent a confirmation email containing information about your babysitter for the session. Booking fee is paid.<\/p>\n<\/div>\n\t\t\t\t<\/div>\n<\/div>\n<\/div><div class=\"trx_addons_column-1_4\"><div class=\"sc_services_item with_content with_image sc_services_item_featured_top\"><div class=\"sc_services_item_timeline\"><\/div><div class=\"sc_services_item_marker sc_services_item_thumb\" style=\"background-image: url(https:\/\/babysitting.is\/wp-content\/uploads\/2017\/06\/3-1.png);\"><\/div>\n\n\n\n\t\t<div class=\"number_bottom_go\">\n\t\t\t<span class=\"sc_services_item_number_bottom\">03<\/span>\n\t\t<\/div>\n\n\n\n\n\t\t\n\t<div class=\"sc_services_item_info\">\n\t\t\t\t<div class=\"sc_services_item_header\">\n\t\t\t\t\t\t<h6 class=\"sc_services_item_title\"><a href=\"https:\/\/babysitting.is\/en\/services\/lock-in-a-date\/\">Communication<\/a><\/h6>\n\t\t<\/div>\n\t\t\t\t\t<div class=\"sc_services_item_content\"><p>The babysitter will be in contact via phone 24 hours before the session.<\/p>\n<\/div>\n\t\t\t\t<\/div>\n<\/div>\n<\/div><div class=\"trx_addons_column-1_4\"><div class=\"sc_services_item with_content with_image sc_services_item_featured_top\"><div class=\"sc_services_item_timeline\"><\/div><div class=\"sc_services_item_marker sc_services_item_thumb\" style=\"background-image: url(https:\/\/babysitting.is\/wp-content\/uploads\/2017\/06\/4-3.png);\"><\/div>\n\n\n\n\t\t<div class=\"number_bottom_go\">\n\t\t\t<span class=\"sc_services_item_number_bottom\">04<\/span>\n\t\t<\/div>\n\n\n\n\n\t\t\n\t<div class=\"sc_services_item_info\">\n\t\t\t\t<div class=\"sc_services_item_header\">\n\t\t\t\t\t\t<h6 class=\"sc_services_item_title\"><a href=\"https:\/\/babysitting.is\/en\/services\/peace-of-mind\/\">Payment<\/a><\/h6>\n\t\t<\/div>\n\t\t\t\t\t<div class=\"sc_services_item_content\"><p>The babysitter is paid on location with cash or via wired transaction at the end of the session.<\/p>\n<\/div>\n\t\t\t\t<\/div>\n<\/div>\n<\/div><\/div><\/div><!-- \/.sc_services --><div class=\"vc_empty_space\"   style=\"height: 2em\"><span class=\"vc_empty_space_inner\"><\/span><\/div><div class=\"sc_item_button sc_button_wrap sc_align_center\"><a href=\"\/en\/nyskraning\/\" id=\"sc_button_957049647\" class=\"sc_button color_style_link3 sc_button_default sc_button_size_normal sc_button_icon_left\"><span class=\"sc_button_text\"><span class=\"sc_button_title\">Create an account<\/span><\/span><!-- \/.sc_button_text --><\/a><!-- \/.sc_button --><\/div><!-- \/.sc_item_button --><div class=\"vc_empty_space  hide_on_mobile\"   style=\"height: 2em\"><span class=\"vc_empty_space_inner\"><\/span><\/div><div class=\"vc_empty_space\"   style=\"height: 4em\"><span class=\"vc_empty_space_inner\"><\/span><\/div><\/div><\/div><\/div><\/div><div class=\"vc_row-full-width vc_clearfix\"><\/div><div data-vc-full-width=\"true\" data-vc-full-width-init=\"false\" class=\"vc_row wpb_row vc_row-fluid vc_custom_1684271690138 vc_row-has-fill\"><div class=\"wpb_column vc_column_container vc_col-sm-6 sc_layouts_column_icons_position_left\"><div class=\"vc_column-inner vc_custom_1683413219054\"><div class=\"wpb_wrapper\"><div class=\"vc_empty_space  hide_on_mobile\"   style=\"height: 3.8em\"><span class=\"vc_empty_space_inner\"><\/span><\/div><div class=\"vc_empty_space\"   style=\"height: 5em\"><span class=\"vc_empty_space_inner\"><\/span><\/div><div id=\"sc_title_1086414538\"\n\t\tclass=\"sc_title color_style_dark sc_title_extra go-left\"><h3 class=\"sc_item_title sc_title_title sc_align_left sc_item_title_style_extra\">How the service works<\/h3><\/div><!-- \/.sc_title --><div class=\"vc_empty_space\"   style=\"height: 2.6em\"><span class=\"vc_empty_space_inner\"><\/span><\/div>\n\t<div class=\"wpb_text_column wpb_content_element\" >\n\t\t<div class=\"wpb_wrapper\">\n\t\t\t<p><big><span style=\"color: #000;\">It is necessary to sign up\/apply for an account on our website www.babysitting.is under \u201cCreate an account.\u201d There you fill out a detailed form that is important for the company as a reference when finding the perfect babysitter for you. Once the company has reviewed and approved your application you will get a confirmation e-mail from us. Here you can also ask for a phone call if there is information which needs extra attention. <\/span><\/big><\/p>\n<p><big><span style=\"color: #000;\">After the company has confirmed your application via e-mail you can book your first babysitting session. This is done by clicking the \u201cBook a sitter\u201d tab where you will have to fill in basics such as your name and social security number, the date on which the service is requested with the start and finish time. The booking is confirmed with an e-mail from us where the details about the sitter will be provided. After the booking has been confirmed via e-mail a bill will be sent with a booking charge (see more under \u201cfees\u201d below) which will appear in your home bank or via a link which takes you to a secure payment site, depending on your preferences.<\/span><\/big><\/p>\n<p><big><span style=\"color: #000;\">The babysitter will then contact you via phone around 24 hours before the babysitting takes place to confirm the time and location, which also gives you a chance to give the sitter any further information if needed.<\/span><\/big><\/p>\n<p><big><span style=\"color: #000;\">We recommend getting the babysitter at least 30 minutes before you leave the house. By doing so you give the sitter a chance to get to know your children in your presence, which will give your children more confidence in the situation.<\/span><\/big><br \/>\n<big><span style=\"color: #000;\">We try to primarily send the same sitter each time with frequent bookings to maintain consistency in our service. If you need a babysitter more than twice a month, it is a good idea to introduce the child\/children to two sitters who can come interchangeably.<\/span><\/big><\/p>\n\n\t\t<\/div>\n\t<\/div>\n<div class=\"vc_empty_space\"   style=\"height: 2em\"><span class=\"vc_empty_space_inner\"><\/span><\/div><div class=\"vc_empty_space  hide_on_mobile\"   style=\"height: 7em\"><span class=\"vc_empty_space_inner\"><\/span><\/div><\/div><\/div><\/div><div class=\"wpb_column vc_column_container vc_col-sm-6 sc_layouts_column_icons_position_left\"><div class=\"vc_column-inner\"><div class=\"wpb_wrapper\"><div class=\"vc_empty_space  hide_on_mobile\"   style=\"height: 15em\"><span class=\"vc_empty_space_inner\"><\/span><\/div>\n\t<div  class=\"wpb_single_image wpb_content_element vc_align_center wpb_content_element\">\n\t\t\n\t\t<figure class=\"wpb_wrapper vc_figure\">\n\t\t\t<div class=\"vc_single_image-wrapper   vc_box_border_grey\"><img loading=\"lazy\" decoding=\"async\" width=\"1973\" height=\"2489\" src=\"https:\/\/babysitting.is\/wp-content\/uploads\/2023\/05\/test2.jpeg\" class=\"vc_single_image-img attachment-full\" alt=\"\" title=\"test2\" srcset=\"https:\/\/babysitting.is\/wp-content\/uploads\/2023\/05\/test2.jpeg 1973w, https:\/\/babysitting.is\/wp-content\/uploads\/2023\/05\/test2-238x300.jpeg 238w, https:\/\/babysitting.is\/wp-content\/uploads\/2023\/05\/test2-812x1024.jpeg 812w, https:\/\/babysitting.is\/wp-content\/uploads\/2023\/05\/test2-768x969.jpeg 768w, https:\/\/babysitting.is\/wp-content\/uploads\/2023\/05\/test2-1218x1536.jpeg 1218w\" sizes=\"auto, (max-width: 1973px) 100vw, 1973px\" \/><\/div>\n\t\t<\/figure>\n\t<\/div>\n<div class=\"vc_empty_space\"   style=\"height: 2em\"><span class=\"vc_empty_space_inner\"><\/span><\/div><\/div><\/div><\/div><\/div><div class=\"vc_row-full-width vc_clearfix\"><\/div><div data-vc-full-width=\"true\" data-vc-full-width-init=\"false\" class=\"vc_row wpb_row vc_row-fluid extra-action vc_custom_1689588835969 vc_row-has-fill vc_row-o-content-bottom vc_row-flex\"><div class=\"wpb_column vc_column_container vc_col-sm-12 vc_col-has-fill sc_layouts_column_icons_position_left\"><div class=\"vc_column-inner vc_custom_1689588823486\"><div class=\"wpb_wrapper\"><div class=\"vc_empty_space\"   style=\"height: 3em\"><span class=\"vc_empty_space_inner\"><\/span><\/div><div class=\"vc_empty_space  hide_on_mobile\"   style=\"height: 1em\"><span class=\"vc_empty_space_inner\"><\/span><\/div><div class=\"vc_row wpb_row vc_inner vc_row-fluid vc_row-o-content-bottom vc_row-flex\"><div class=\"wpb_column vc_column_container vc_col-sm-8 sc_layouts_column_icons_position_left\"><div class=\"vc_column-inner\"><div class=\"wpb_wrapper\"><div id=\"sc_title_1103929803\"\n\t\tclass=\"sc_title color_style_default scheme_dark sc_title_default go-left\"><h6 class=\"sc_item_subtitle sc_title_subtitle sc_align_left sc_item_title_style_default\">We are looking for more babysitters to join us<\/h6><h2 class=\"sc_item_title sc_title_title sc_align_left sc_item_title_style_default sc_item_title_tag\">Do you have a passion for babysitting and want to make it your profession?<\/h2><\/div><!-- \/.sc_title --><div class=\"vc_empty_space  hide_on_mobile\"   style=\"height: 1em\"><span class=\"vc_empty_space_inner\"><\/span><\/div>\n\t<div class=\"wpb_text_column wpb_content_element\" >\n\t\t<div class=\"wpb_wrapper\">\n\t\t\t<p><big><span style=\"color: #ffffff;\">The first babysitting agency of its kind in Iceland. We share a passion for taking care of children and offer a professional babysitting service for families who won't accept anything but the best for their children. If you think you have what it takes, then please do not hesitate to contact us via e-mail.<\/span><\/big><\/p>\n\n\t\t<\/div>\n\t<\/div>\n<div class=\"vc_empty_space  hide_on_mobile\"   style=\"height: 3.5em\"><span class=\"vc_empty_space_inner\"><\/span><\/div><div class=\"vc_empty_space\"   style=\"height: 1em\"><span class=\"vc_empty_space_inner\"><\/span><\/div><\/div><\/div><\/div><div class=\"wpb_column vc_column_container vc_col-sm-4 sc_layouts_column_icons_position_left\"><div class=\"vc_column-inner\"><div class=\"wpb_wrapper\"><div class=\"sc_item_button sc_button_wrap sc_align_right\"><a href=\"mailto:babysitting@babysitting.is\" id=\"sc_button_1558977800\" class=\"sc_button color_style_dark sc_button_default sc_button_size_normal sc_button_icon_left\"><span class=\"sc_button_text\"><span class=\"sc_button_title\">Sign up<\/span><\/span><!-- \/.sc_button_text --><\/a><!-- \/.sc_button --><\/div><!-- \/.sc_item_button --><div class=\"vc_empty_space  hide_on_mobile\"   style=\"height: 2em\"><span class=\"vc_empty_space_inner\"><\/span><\/div><\/div><\/div><\/div><\/div><div class=\"vc_empty_space\"   style=\"height: 3em\"><span class=\"vc_empty_space_inner\"><\/span><\/div><\/div><\/div><\/div><\/div><div class=\"vc_row-full-width vc_clearfix\"><\/div>\n<\/div>","protected":false},"excerpt":{"rendered":"Barnap\u00edunni er borga\u00f0 \u00e1 sta\u00f0num \u00ed rei\u00f0uf\u00e9\/millif\u00e6rslu.","protected":false},"author":1,"featured_media":0,"parent":0,"menu_order":0,"comment_status":"closed","ping_status":"closed","template":"","meta":{"footnotes":""},"class_list":["post-1408","page","type-page","status-publish","hentry"],"_links":{"self":[{"href":"https:\/\/babysitting.is\/en\/wp-json\/wp\/v2\/pages\/1408","targetHints":{"allow":["GET"]}}],"collection":[{"href":"https:\/\/babysitting.is\/en\/wp-json\/wp\/v2\/pages"}],"about":[{"href":"https:\/\/babysitting.is\/en\/wp-json\/wp\/v2\/types\/page"}],"author":[{"embeddable":true,"href":"https:\/\/babysitting.is\/en\/wp-json\/wp\/v2\/users\/1"}],"replies":[{"embeddable":true,"href":"https:\/\/babysitting.is\/en\/wp-json\/wp\/v2\/comments?post=1408"}],"version-history":[{"count":96,"href":"https:\/\/babysitting.is\/en\/wp-json\/wp\/v2\/pages\/1408\/revisions"}],"predecessor-version":[{"id":1834,"href":"https:\/\/babysitting.is\/en\/wp-json\/wp\/v2\/pages\/1408\/revisions\/1834"}],"wp:attachment":[{"href":"https:\/\/babysitting.is\/en\/wp-json\/wp\/v2\/media?parent=1408"}],"curies":[{"name":"wp","href":"https:\/\/api.w.org\/{rel}","templated":true}]}}