{"id":1828,"date":"2023-08-30T23:08:29","date_gmt":"2023-08-30T23:08:29","guid":{"rendered":"http:\/\/babysitting.is\/?page_id=1828"},"modified":"2023-09-03T17:39:31","modified_gmt":"2023-09-03T17:39:31","slug":"vid-bjodum-uppa","status":"publish","type":"page","link":"https:\/\/babysitting.is\/en\/vid-bjodum-uppa\/","title":{"rendered":"What kind of babysitting do we offer?"},"content":{"rendered":"<div class=\"wpb-content-wrapper\"><div data-vc-full-width=\"true\" data-vc-full-width-init=\"false\" class=\"vc_row wpb_row vc_row-fluid vc_custom_1684451633136 vc_row-has-fill\"><div class=\"wpb_column vc_column_container vc_col-sm-12 sc_layouts_column_icons_position_left\"><div class=\"vc_column-inner\"><div class=\"wpb_wrapper\"><div class=\"vc_empty_space  hide_on_mobile\"   style=\"height: 2.2em\"><span class=\"vc_empty_space_inner\"><\/span><\/div><div class=\"vc_empty_space\"   style=\"height: 3em\"><span class=\"vc_empty_space_inner\"><\/span><\/div><div id=\"sc_title_1287012087\"\n\t\tclass=\"sc_title color_style_link2 sc_title_extra go-center\"><h1 class=\"sc_item_title sc_title_title sc_align_center sc_item_title_style_extra sc_item_title_tag\">What kind of babysitting do we offer?<\/h1><\/div><!-- \/.sc_title --><div class=\"vc_row wpb_row vc_inner vc_row-fluid vc_custom_1684620088721 vc_row-has-fill\"><div class=\"wpb_column vc_column_container vc_col-sm-5 sc_layouts_column_icons_position_left\"><div class=\"vc_column-inner\"><div class=\"wpb_wrapper\"><div class=\"vc_empty_space  hide_on_mobile\"   style=\"height: 3.8px\"><span class=\"vc_empty_space_inner\"><\/span><\/div><div class=\"vc_empty_space\"   style=\"height: 3em\"><span class=\"vc_empty_space_inner\"><\/span><\/div><div id=\"sc_title_1276584625\"\n\t\tclass=\"sc_title color_style_link2 scheme_default sc_title_extra go-left\"><h3 class=\"sc_item_title sc_title_title sc_align_left sc_item_title_style_extra sc_item_title_tag\">Evening and weekend babysitter<\/h3><\/div><!-- \/.sc_title --><div class=\"vc_empty_space\"   style=\"height: 2em\"><span class=\"vc_empty_space_inner\"><\/span><\/div><div class=\"vc_message_box vc_message_box-outline vc_message_box-round vc_color-grey vc_custom_1693258034840 vc_do_message\" ><div class=\"vc_message_box-icon\"><i class=\"\"><\/i><\/div><p><span style=\"color: #000000;\"><big>Is there an annual celebration or a birthday coming up? Is it perhaps just time for a date night or do you simply need a break from day-to-day life? We take care of finding the right person to look after your children so you can enjoy yourself knowing that your children are in safe hands.<\/big><\/span><\/p>\n<\/div><div class=\"vc_empty_space\"   style=\"height: 3em\"><span class=\"vc_empty_space_inner\"><\/span><\/div><div id=\"sc_title_1531181266\"\n\t\tclass=\"sc_title color_style_link2 scheme_default sc_title_extra go-left\"><h3 class=\"sc_item_title sc_title_title sc_align_left sc_item_title_style_extra sc_item_title_tag\">Hotel\/Airbnb babysitting<\/h3><\/div><!-- \/.sc_title --><div class=\"vc_empty_space\"   style=\"height: 2em\"><span class=\"vc_empty_space_inner\"><\/span><\/div><div class=\"vc_message_box vc_message_box-outline vc_message_box-round vc_color-grey vc_custom_1693258139210 vc_do_message\" ><div class=\"vc_message_box-icon\"><i class=\"\"><\/i><\/div><p><span style=\"color: #000000;\"><big>Do you want to enjoy a night out while visiting Reykjav\u00edk, Iceland. Do you want to have a peaceful dinner in the heart of Reykjav\u00edk? We will find a babysitter to take care of your precious little ones in your hotel room\/Airbnb. All our babysitters are carefully screened, background-checked and interviewed face to face before joining our team. So go on, book a babysitter and enjoy your night out.<\/big><\/span><\/p>\n<\/div><div class=\"vc_empty_space\"   style=\"height: 2em\"><span class=\"vc_empty_space_inner\"><\/span><\/div><div id=\"sc_title_1362383182\"\n\t\tclass=\"sc_title color_style_link2 scheme_default sc_title_extra go-left\"><h3 class=\"sc_item_title sc_title_title sc_align_left sc_item_title_style_extra sc_item_title_tag\">Events<\/h3><\/div><!-- \/.sc_title --><div class=\"vc_empty_space\"   style=\"height: 1.5em\"><span class=\"vc_empty_space_inner\"><\/span><\/div><div class=\"vc_message_box vc_message_box-outline vc_message_box-round vc_color-grey vc_custom_1693258157692 vc_do_message\" ><div class=\"vc_message_box-icon\"><i class=\"\"><\/i><\/div><p><big><span style=\"color: #000;\">Is there an upcoming wedding\/party? Do you want the children to attend the event? We will find a sitter who will take care of the children during the event and then take them home when it is time for bed. \n\nWant to know more? Please click \u201chow it works\u201d or simply start filling out the form on \u201cCreate an account\u201d.<\/span><\/big><\/p>\n<\/div><\/div><\/div><\/div><div class=\"wpb_column vc_column_container vc_col-sm-1 sc_layouts_column_icons_position_left\"><div class=\"vc_column-inner\"><div class=\"wpb_wrapper\"><\/div><\/div><\/div><div class=\"wpb_column vc_column_container vc_col-sm-6 sc_layouts_column_icons_position_left\"><div class=\"vc_column-inner\"><div class=\"wpb_wrapper\"><div class=\"vc_empty_space  hide_on_mobile\"   style=\"height: 6em\"><span class=\"vc_empty_space_inner\"><\/span><\/div><div class=\"vc_empty_space\"   style=\"height: 2.6em\"><span class=\"vc_empty_space_inner\"><\/span><\/div>\n\t<div  class=\"wpb_single_image wpb_content_element vc_align_center wpb_content_element\">\n\t\t\n\t\t<figure class=\"wpb_wrapper vc_figure\">\n\t\t\t<div class=\"vc_single_image-wrapper   vc_box_border_grey\"><img loading=\"lazy\" decoding=\"async\" width=\"683\" height=\"1024\" src=\"https:\/\/babysitting.is\/wp-content\/uploads\/2023\/05\/pexels-cottonbro-studio-3662874_1-683x1024.jpg\" class=\"vc_single_image-img attachment-large\" alt=\"\" title=\"pexels-cottonbro-studio-3662874_1\" srcset=\"https:\/\/babysitting.is\/wp-content\/uploads\/2023\/05\/pexels-cottonbro-studio-3662874_1-683x1024.jpg 683w, https:\/\/babysitting.is\/wp-content\/uploads\/2023\/05\/pexels-cottonbro-studio-3662874_1-200x300.jpg 200w, https:\/\/babysitting.is\/wp-content\/uploads\/2023\/05\/pexels-cottonbro-studio-3662874_1-768x1152.jpg 768w, https:\/\/babysitting.is\/wp-content\/uploads\/2023\/05\/pexels-cottonbro-studio-3662874_1-370x555.jpg 370w, https:\/\/babysitting.is\/wp-content\/uploads\/2023\/05\/pexels-cottonbro-studio-3662874_1-760x1140.jpg 760w, https:\/\/babysitting.is\/wp-content\/uploads\/2023\/05\/pexels-cottonbro-studio-3662874_1-408x612.jpg 408w, https:\/\/babysitting.is\/wp-content\/uploads\/2023\/05\/pexels-cottonbro-studio-3662874_1-600x900.jpg 600w, https:\/\/babysitting.is\/wp-content\/uploads\/2023\/05\/pexels-cottonbro-studio-3662874_1.jpg 1000w\" sizes=\"auto, (max-width: 683px) 100vw, 683px\" \/><\/div>\n\t\t<\/figure>\n\t<\/div>\n<div class=\"vc_empty_space\"   style=\"height: 2em\"><span class=\"vc_empty_space_inner\"><\/span><\/div><div class=\"vc_empty_space\"   style=\"height: 2em\"><span class=\"vc_empty_space_inner\"><\/span><\/div>\n\t<div class=\"wpb_text_column wpb_content_element\" >\n\t\t<div class=\"wpb_wrapper\">\n\t\t\t<p><big>Please note that booking must be for at least 3 hours per session, and the charge is made per 30 minutes. So, if the booking is for instance from 19:30 to 22:45 you pay for a session ending at 23:00, 3.5 hours in all.<\/big><\/p>\n\n\t\t<\/div>\n\t<\/div>\n<\/div><\/div><\/div><\/div><div class=\"vc_empty_space\"   style=\"height: 2em\"><span class=\"vc_empty_space_inner\"><\/span><\/div><div class=\"vc_empty_space  hide_on_mobile\"   style=\"height: 4em\"><span class=\"vc_empty_space_inner\"><\/span><\/div><\/div><\/div><\/div><\/div><div class=\"vc_row-full-width vc_clearfix\"><\/div><div data-vc-full-width=\"true\" data-vc-full-width-init=\"false\" class=\"vc_row wpb_row vc_row-fluid extra-action vc_custom_1689588835969 vc_row-has-fill vc_row-o-content-bottom vc_row-flex\"><div class=\"wpb_column vc_column_container vc_col-sm-12 vc_col-has-fill sc_layouts_column_icons_position_left\"><div class=\"vc_column-inner vc_custom_1689588823486\"><div class=\"wpb_wrapper\"><div class=\"vc_empty_space\"   style=\"height: 3em\"><span class=\"vc_empty_space_inner\"><\/span><\/div><div class=\"vc_empty_space  hide_on_mobile\"   style=\"height: 1em\"><span class=\"vc_empty_space_inner\"><\/span><\/div><div class=\"vc_row wpb_row vc_inner vc_row-fluid vc_row-o-content-bottom vc_row-flex\"><div class=\"wpb_column vc_column_container vc_col-sm-8 sc_layouts_column_icons_position_left\"><div class=\"vc_column-inner\"><div class=\"wpb_wrapper\"><div id=\"sc_title_2007222309\"\n\t\tclass=\"sc_title color_style_default scheme_dark sc_title_default go-left\"><h6 class=\"sc_item_subtitle sc_title_subtitle sc_align_left sc_item_title_style_default\">.<\/h6><h2 class=\"sc_item_title sc_title_title sc_align_left sc_item_title_style_default sc_item_title_tag\">Light housework<\/h2><\/div><!-- \/.sc_title --><div class=\"vc_empty_space  hide_on_mobile\"   style=\"height: 1em\"><span class=\"vc_empty_space_inner\"><\/span><\/div>\n\t<div class=\"wpb_text_column wpb_content_element\" >\n\t\t<div class=\"wpb_wrapper\">\n\t\t\t<p><big><span style=\"color: #ffffff;\">To lighten your load even more our babysitters are more than happy to take care of light chores if requested. Just remember to write said requests in the \u201clight housework\u201d window when creating your account.  \n\nIf any further questions, please feel free to contact us via email: babysitting@babysitting.is \n\nWe look forward hearing from you.<\/span><\/big><\/p>\n\n\t\t<\/div>\n\t<\/div>\n<div class=\"vc_empty_space  hide_on_mobile\"   style=\"height: 3.5em\"><span class=\"vc_empty_space_inner\"><\/span><\/div><div class=\"vc_empty_space\"   style=\"height: 1em\"><span class=\"vc_empty_space_inner\"><\/span><\/div><\/div><\/div><\/div><div class=\"wpb_column vc_column_container vc_col-sm-4 sc_layouts_column_icons_position_left\"><div class=\"vc_column-inner\"><div class=\"wpb_wrapper\"><div class=\"sc_item_button sc_button_wrap sc_align_right\"><a href=\"mailto:babysitting@babysitting.is\" id=\"sc_button_571991014\" class=\"sc_button color_style_dark sc_button_default sc_button_size_normal sc_button_icon_left\"><span class=\"sc_button_text\"><span class=\"sc_button_title\">Sign up<\/span><\/span><!-- \/.sc_button_text --><\/a><!-- \/.sc_button --><\/div><!-- \/.sc_item_button --><div class=\"vc_empty_space  hide_on_mobile\"   style=\"height: 2em\"><span class=\"vc_empty_space_inner\"><\/span><\/div><\/div><\/div><\/div><\/div><div class=\"vc_empty_space\"   style=\"height: 3em\"><span class=\"vc_empty_space_inner\"><\/span><\/div><\/div><\/div><\/div><\/div><div class=\"vc_row-full-width vc_clearfix\"><\/div>\n<\/div>","protected":false},"excerpt":{"rendered":"Vi\u00f0 bj\u00f3\u00f0um upp\u00e1Kv\u00f6ld-og Helgarp\u00f6ssunEr \u00e1rsh\u00e1t\u00ed\u00f0, afm\u00e6li e\u00f0a saumakl\u00fabbur framundan? Er kannski l\u00f6ngu komin t\u00edmi \u00e1 deit night e\u00f0a \u00fearftu einfaldlega bara sm\u00e1 p\u00e1su fr\u00e1 amstri dagsins til a\u00f0 hla\u00f0a batter\u00edn? Vi\u00f0 sj\u00e1um um a\u00f0 finna r\u00e9tta a\u00f0ilann til a\u00f0 passa b\u00f6rnin \u00e1 me\u00f0an \u00fe\u00fa\/\u00fei\u00f0 nj\u00f3ti\u00f0&hellip;","protected":false},"author":1,"featured_media":0,"parent":0,"menu_order":0,"comment_status":"closed","ping_status":"closed","template":"","meta":{"footnotes":""},"class_list":["post-1828","page","type-page","status-publish","hentry"],"_links":{"self":[{"href":"https:\/\/babysitting.is\/en\/wp-json\/wp\/v2\/pages\/1828","targetHints":{"allow":["GET"]}}],"collection":[{"href":"https:\/\/babysitting.is\/en\/wp-json\/wp\/v2\/pages"}],"about":[{"href":"https:\/\/babysitting.is\/en\/wp-json\/wp\/v2\/types\/page"}],"author":[{"embeddable":true,"href":"https:\/\/babysitting.is\/en\/wp-json\/wp\/v2\/users\/1"}],"replies":[{"embeddable":true,"href":"https:\/\/babysitting.is\/en\/wp-json\/wp\/v2\/comments?post=1828"}],"version-history":[{"count":12,"href":"https:\/\/babysitting.is\/en\/wp-json\/wp\/v2\/pages\/1828\/revisions"}],"predecessor-version":[{"id":1843,"href":"https:\/\/babysitting.is\/en\/wp-json\/wp\/v2\/pages\/1828\/revisions\/1843"}],"wp:attachment":[{"href":"https:\/\/babysitting.is\/en\/wp-json\/wp\/v2\/media?parent=1828"}],"curies":[{"name":"wp","href":"https:\/\/api.w.org\/{rel}","templated":true}]}}