{"id":189,"date":"2017-06-02T11:41:53","date_gmt":"2017-06-02T11:41:53","guid":{"rendered":"https:\/\/happy-baby.themerex.net\/?page_id=189"},"modified":"2026-02-26T22:09:34","modified_gmt":"2026-02-26T22:09:34","slug":"verdskra","status":"publish","type":"page","link":"https:\/\/babysitting.is\/en\/verdskra\/","title":{"rendered":"Price list"},"content":{"rendered":"<div class=\"wpb-content-wrapper\"><div data-vc-full-width=\"true\" data-vc-full-width-init=\"false\" class=\"vc_row wpb_row vc_row-fluid vc_custom_1684883956587 vc_row-has-fill\"><div class=\"wpb_column vc_column_container vc_col-sm-12 sc_layouts_column_icons_position_left\"><div class=\"vc_column-inner\"><div class=\"wpb_wrapper\"><div class=\"vc_empty_space\"   style=\"height: 8em\"><span class=\"vc_empty_space_inner\"><\/span><\/div><div id=\"sc_title_1348735127\"\n\t\tclass=\"sc_title color_style_link2 scheme_default sc_title_extra go-center\"><h1 class=\"sc_item_title sc_title_title sc_align_center sc_item_title_style_extra sc_item_title_tag\">Price list<\/h1><\/div><!-- \/.sc_title --><div class=\"vc_empty_space  hide_on_mobile\"   style=\"height: 4em\"><span class=\"vc_empty_space_inner\"><\/span><\/div><div class=\"vc_row wpb_row vc_inner vc_row-fluid vc_custom_1684883950508 vc_row-has-fill\"><div class=\"wpb_column vc_column_container vc_col-sm-5 sc_layouts_column_icons_position_left\"><div class=\"vc_column-inner\"><div class=\"wpb_wrapper\"><div class=\"vc_empty_space  hide_on_mobile\"   style=\"height: 3.8px\"><span class=\"vc_empty_space_inner\"><\/span><\/div><div class=\"vc_empty_space\"   style=\"height: 5em\"><span class=\"vc_empty_space_inner\"><\/span><\/div><div id=\"sc_title_1708971440\"\n\t\tclass=\"sc_title color_style_link2 scheme_default sc_title_default go-left\"><h2 class=\"sc_item_title sc_title_title sc_align_left sc_item_title_style_default sc_item_title_tag\">Price for our babysitters<\/h2><\/div><!-- \/.sc_title --><div class=\"vc_empty_space\"   style=\"height: 1.5em\"><span class=\"vc_empty_space_inner\"><\/span><\/div>\n\t<div class=\"wpb_text_column wpb_content_element\" >\n\t\t<div class=\"wpb_wrapper\">\n\t\t\t<p><big>All the babysitters with contracts with us will be paid according to a set price list. \n\nOur babysitters have contracts with Allt Mitt babysitting, and the parent\/s are responsible for paying the sitter at the end of their session.<br \/>\nBabysitters who take on babysitting jobs are responsible for submitting income tax and submitting appropriate documents to the tax authorities.<\/big><\/p>\n\n\t\t<\/div>\n\t<\/div>\n<div class=\"vc_empty_space\"   style=\"height: 2em\"><span class=\"vc_empty_space_inner\"><\/span><\/div><div class=\"vc_message_box vc_message_box-outline vc_message_box-round vc_color-grey vc_custom_1772143772668 vc_do_message\" ><div class=\"vc_message_box-icon\"><i class=\"fas fa-hand-holding-usd\"><\/i><\/div><p><span style=\"color: #000000;\"><big>Price per hour: <strong>3000-4000 kr.<\/strong><\/big><\/span><\/p>\n<\/div><div class=\"vc_empty_space  hide_on_mobile\"   style=\"height: 2em\"><span class=\"vc_empty_space_inner\"><\/span><\/div><div class=\"vc_empty_space  hide_on_mobile\"   style=\"height: 2em\"><span class=\"vc_empty_space_inner\"><\/span><\/div>\n\t<div class=\"wpb_text_column wpb_content_element\" >\n\t\t<div class=\"wpb_wrapper\">\n\t\t\t<p><big>Please note that booking must be for at least 3 hours per session, and the charge is made per 30 minutes. So, if the booking is for instance from 19:30 to 22:45 you pay for a session ending at 23:00, 3.5 hours in all.<\/big><\/p>\n<p><big><strong>Please note that all prices are subject to change<\/strong><\/big><\/p>\n\n\t\t<\/div>\n\t<\/div>\n<\/div><\/div><\/div><div class=\"wpb_column vc_column_container vc_col-sm-1 sc_layouts_column_icons_position_left\"><div class=\"vc_column-inner\"><div class=\"wpb_wrapper\"><\/div><\/div><\/div><div class=\"wpb_column vc_column_container vc_col-sm-6 sc_layouts_column_icons_position_left\"><div class=\"vc_column-inner\"><div class=\"wpb_wrapper\"><div class=\"vc_empty_space  hide_on_mobile\"   style=\"height: 6px\"><span class=\"vc_empty_space_inner\"><\/span><\/div><div class=\"vc_empty_space\"   style=\"height: 2.6em\"><span class=\"vc_empty_space_inner\"><\/span><\/div>\n\t<div  class=\"wpb_single_image wpb_content_element vc_align_center wpb_content_element\">\n\t\t\n\t\t<figure class=\"wpb_wrapper vc_figure\">\n\t\t\t<div class=\"vc_single_image-wrapper   vc_box_border_grey\"><img loading=\"lazy\" decoding=\"async\" width=\"700\" height=\"700\" src=\"https:\/\/babysitting.is\/wp-content\/uploads\/2023\/05\/image_50417665-modified-1.png\" class=\"vc_single_image-img attachment-large\" alt=\"\" title=\"image_50417665-modified\" srcset=\"https:\/\/babysitting.is\/wp-content\/uploads\/2023\/05\/image_50417665-modified-1.png 700w, https:\/\/babysitting.is\/wp-content\/uploads\/2023\/05\/image_50417665-modified-1-300x300.png 300w, https:\/\/babysitting.is\/wp-content\/uploads\/2023\/05\/image_50417665-modified-1-150x150.png 150w, https:\/\/babysitting.is\/wp-content\/uploads\/2023\/05\/image_50417665-modified-1-370x370.png 370w, https:\/\/babysitting.is\/wp-content\/uploads\/2023\/05\/image_50417665-modified-1-90x90.png 90w, https:\/\/babysitting.is\/wp-content\/uploads\/2023\/05\/image_50417665-modified-1-408x408.png 408w, https:\/\/babysitting.is\/wp-content\/uploads\/2023\/05\/image_50417665-modified-1-600x600.png 600w, https:\/\/babysitting.is\/wp-content\/uploads\/2023\/05\/image_50417665-modified-1-400x400.png 400w, https:\/\/babysitting.is\/wp-content\/uploads\/2023\/05\/image_50417665-modified-1-100x100.png 100w\" sizes=\"auto, (max-width: 700px) 100vw, 700px\" \/><\/div>\n\t\t<\/figure>\n\t<\/div>\n<div class=\"vc_empty_space\"   style=\"height: 2em\"><span class=\"vc_empty_space_inner\"><\/span><\/div><div id=\"sc_title_1472222685\"\n\t\tclass=\"sc_title color_style_default scheme_default sc_title_extra go-center\"><h2 class=\"sc_item_title sc_title_title sc_align_center sc_item_title_style_extra sc_item_title_tag\">Booking Fee<\/h2><\/div><!-- \/.sc_title --><div class=\"vc_empty_space\"   style=\"height: 2em\"><span class=\"vc_empty_space_inner\"><\/span><\/div><div class=\"vc_message_box vc_message_box-outline vc_message_box-round vc_color-grey vc_custom_1692309945270 vc_do_message\" ><div class=\"vc_message_box-icon\"><i class=\"fas fa-hand-holding-usd\"><\/i><\/div><p><big><span style=\"color: #000;\"><strong>3000 kr. for each booking<\/strong><\/span><\/big><\/p>\n<p style=\"text-align: left;\"><big><span style=\"color: #000;\">The booking fee is paid after the company has confirmed via email which babysitter will take care of the babysitting.<\/span><\/big><\/p>\n<\/div><div class=\"vc_empty_space\"   style=\"height: 1.5em\"><span class=\"vc_empty_space_inner\"><\/span><\/div><\/div><\/div><\/div><\/div><div class=\"vc_empty_space  hide_on_mobile\"   style=\"height: 4em\"><span class=\"vc_empty_space_inner\"><\/span><\/div><div class=\"vc_empty_space\"   style=\"height: 7em\"><span class=\"vc_empty_space_inner\"><\/span><\/div><\/div><\/div><\/div><\/div><div class=\"vc_row-full-width vc_clearfix\"><\/div><div data-vc-full-width=\"true\" data-vc-full-width-init=\"false\" class=\"vc_row wpb_row vc_row-fluid vc_custom_1687208511723 vc_row-has-fill\"><div class=\"wpb_column vc_column_container vc_col-sm-12 sc_layouts_column_icons_position_left\"><div class=\"vc_column-inner\"><div class=\"wpb_wrapper\"><div class=\"vc_empty_space\"   style=\"height: 8em\"><span class=\"vc_empty_space_inner\"><\/span><\/div><div class=\"vc_empty_space  hide_on_mobile\"   style=\"height: 4em\"><span class=\"vc_empty_space_inner\"><\/span><\/div><div class=\"vc_row wpb_row vc_inner vc_row-fluid\"><div class=\"wpb_column vc_column_container vc_col-sm-6 sc_layouts_column_icons_position_left\"><div class=\"vc_column-inner\"><div class=\"wpb_wrapper\"><div class=\"vc_empty_space\"   style=\"height: 2.8em\"><span class=\"vc_empty_space_inner\"><\/span><\/div><div id=\"sc_title_1563654640\"\n\t\tclass=\"sc_title color_style_default sc_title_extra go-center\"><h6 class=\"sc_item_subtitle sc_title_subtitle sc_align_center sc_item_title_style_extra\">Goals<\/h6><h3 class=\"sc_item_title sc_title_title sc_align_center sc_item_title_style_extra\">Our Goal<\/h3><\/div><!-- \/.sc_title --><div class=\"vc_empty_space\"   style=\"height: 2.8em\"><span class=\"vc_empty_space_inner\"><\/span><\/div><div id=\"sc_content_1326010648\"\n\t\tclass=\"sc_content color_style_default sc_content_default sc_float_center sc_align_center sc_content_width_75p\"><div class=\"sc_content_container\">\n\t<div class=\"wpb_text_column wpb_content_element scheme_default\" >\n\t\t<div class=\"wpb_wrapper\">\n\t\t\t<p style=\"text-align: center;\"><big>Our main goal is to provide excellent babysitting so you can enjoy yourself whilst knowing your children are in safe and qualified hands.<\/big><\/p>\n<p>&nbsp;<\/p>\n<p><big>We all work toward the common goal of guiding together families and babysitters with professionalism and security, with personalized service as our guiding light. Allt Mitt is the first of its kind in Iceland, and it is about time.<\/big><\/p>\n\n\t\t<\/div>\n\t<\/div>\n<\/div><\/div><!-- \/.sc_content --><div class=\"vc_empty_space\"   style=\"height: 3em\"><span class=\"vc_empty_space_inner\"><\/span><\/div><div class=\"vc_empty_space\"   style=\"height: 3em\"><span class=\"vc_empty_space_inner\"><\/span><\/div><\/div><\/div><\/div><div class=\"wpb_column vc_column_container vc_col-sm-6 sc_layouts_column_icons_position_left\"><div class=\"vc_column-inner\"><div class=\"wpb_wrapper\">\n\t<div  class=\"wpb_single_image wpb_content_element vc_align_center wpb_content_element\">\n\t\t\n\t\t<figure class=\"wpb_wrapper vc_figure\">\n\t\t\t<div class=\"vc_single_image-wrapper   vc_box_border_grey\"><img loading=\"lazy\" decoding=\"async\" width=\"700\" height=\"934\" src=\"https:\/\/babysitting.is\/wp-content\/uploads\/2023\/05\/image_6487327_small.jpg\" class=\"vc_single_image-img attachment-full\" alt=\"\" title=\"image_6487327_small\" srcset=\"https:\/\/babysitting.is\/wp-content\/uploads\/2023\/05\/image_6487327_small.jpg 700w, https:\/\/babysitting.is\/wp-content\/uploads\/2023\/05\/image_6487327_small-225x300.jpg 225w, https:\/\/babysitting.is\/wp-content\/uploads\/2023\/05\/image_6487327_small-370x493.jpg 370w, https:\/\/babysitting.is\/wp-content\/uploads\/2023\/05\/image_6487327_small-408x544.jpg 408w, https:\/\/babysitting.is\/wp-content\/uploads\/2023\/05\/image_6487327_small-600x801.jpg 600w\" sizes=\"auto, (max-width: 700px) 100vw, 700px\" \/><\/div>\n\t\t<\/figure>\n\t<\/div>\n<\/div><\/div><\/div><\/div><div class=\"vc_empty_space  hide_on_mobile\"   style=\"height: 4em\"><span class=\"vc_empty_space_inner\"><\/span><\/div><div class=\"vc_empty_space\"   style=\"height: 7em\"><span class=\"vc_empty_space_inner\"><\/span><\/div><\/div><\/div><\/div><\/div><div class=\"vc_row-full-width vc_clearfix\"><\/div>\n<\/div>","protected":false},"excerpt":{"rendered":"Ver\u00f0skr\u00e1Ver\u00f0 fyrir barnap\u00edu Allar barnap\u00edur sem eru me\u00f0 samning vi\u00f0 okkur f\u00e1 borga\u00f0 eftir fyrirfram \u00e1kve\u00f0inni ver\u00f0skr\u00e1. Barnap\u00edurnar eru me\u00f0 samning hj\u00e1 Allt Mitt barnap\u00f6ssun og sj\u00e1 foreldrar um a\u00f0 borga barnap\u00edunni a\u00f0 p\u00f6ssun lokinni. Barnap\u00edur sem taka a\u00f0 s\u00e9r p\u00f6ssun sj\u00e1 sj\u00e1lfar um a\u00f0&hellip;","protected":false},"author":1,"featured_media":0,"parent":0,"menu_order":0,"comment_status":"closed","ping_status":"closed","template":"","meta":{"footnotes":""},"class_list":["post-189","page","type-page","status-publish","hentry"],"_links":{"self":[{"href":"https:\/\/babysitting.is\/en\/wp-json\/wp\/v2\/pages\/189","targetHints":{"allow":["GET"]}}],"collection":[{"href":"https:\/\/babysitting.is\/en\/wp-json\/wp\/v2\/pages"}],"about":[{"href":"https:\/\/babysitting.is\/en\/wp-json\/wp\/v2\/types\/page"}],"author":[{"embeddable":true,"href":"https:\/\/babysitting.is\/en\/wp-json\/wp\/v2\/users\/1"}],"replies":[{"embeddable":true,"href":"https:\/\/babysitting.is\/en\/wp-json\/wp\/v2\/comments?post=189"}],"version-history":[{"count":163,"href":"https:\/\/babysitting.is\/en\/wp-json\/wp\/v2\/pages\/189\/revisions"}],"predecessor-version":[{"id":1972,"href":"https:\/\/babysitting.is\/en\/wp-json\/wp\/v2\/pages\/189\/revisions\/1972"}],"wp:attachment":[{"href":"https:\/\/babysitting.is\/en\/wp-json\/wp\/v2\/media?parent=189"}],"curies":[{"name":"wp","href":"https:\/\/api.w.org\/{rel}","templated":true}]}}