{"id":917,"date":"2019-05-08T13:12:40","date_gmt":"2019-05-08T13:12:40","guid":{"rendered":"https:\/\/happy-baby.themerex.net\/?page_id=917"},"modified":"2024-03-03T23:31:12","modified_gmt":"2024-03-03T23:31:12","slug":"personuverndarstefna","status":"publish","type":"page","link":"https:\/\/babysitting.is\/en\/personuverndarstefna\/","title":{"rendered":"Privacy Policy"},"content":{"rendered":"<div class=\"wpb-content-wrapper\"><div class=\"vc_row wpb_row vc_row-fluid vc_custom_1527690588959 vc_row-has-fill\"><div class=\"wpb_column vc_column_container vc_col-sm-12 sc_layouts_column_icons_position_left\"><div class=\"vc_column-inner\"><div class=\"wpb_wrapper\"><div class=\"vc_empty_space\"   style=\"height: 4em\"><span class=\"vc_empty_space_inner\"><\/span><\/div><div id=\"sc_content_26645530\"\n\t\tclass=\"sc_content color_style_default sc_content_default sc_float_center p70\"><div class=\"sc_content_container\">\n\t<div class=\"wpb_text_column wpb_content_element\" >\n\t\t<div class=\"wpb_wrapper\">\n\t\t\t<h5>Me\u00f0fer\u00f0 pers\u00f3nuuppl\u00fdsinga<\/h5>\n<p>Allt mitt barnap\u00f6ssun kennitala 480523-0750 (h\u00e9r eftir v\u00edsa\u00f0 til sem Allt Mitt e\u00f0a fyrirt\u00e6ki\u00f0) hefur einsett s\u00e9r a\u00f0 tryggja \u00e1rei\u00f0anleika, tr\u00fana\u00f0 og \u00f6ryggi pers\u00f3nuuppl\u00fdsinga sem koma fr\u00e1 notendum \u00fej\u00f3nustunnar.<\/p>\n<p>Fyrirt\u00e6ki\u00f0 sem og barnap\u00edur me\u00f0 samning vi\u00f0 fyrirt\u00e6ki\u00f0 fara me\u00f0 allar uppl\u00fdsingar sem gefnar eru upp af notendum sem tr\u00fana\u00f0aruppl\u00fdsingar og g\u00e6ta fyllsta tr\u00fana\u00f0ar a\u00f0 \u00f6llu sem fer fram \u00e1 heimili notanda \u00fej\u00f3nustunnar. Tr\u00fana\u00f0ur \u00feessi gildir \u00e1fram \u00fer\u00e1tt fyrir a\u00f0 samning vi\u00f0 notendur e\u00f0a barnap\u00edur er sagt upp. Sj\u00e1 frekar undir pers\u00f3nuverndarl\u00f6g.<\/p>\n\n\t\t<\/div>\n\t<\/div>\n<\/div><\/div><!-- \/.sc_content --><div class=\"vc_empty_space\"   style=\"height: 4em\"><span class=\"vc_empty_space_inner\"><\/span><\/div><\/div><\/div><\/div><\/div><div class=\"vc_row wpb_row vc_row-fluid\"><div class=\"wpb_column vc_column_container vc_col-sm-12 sc_layouts_column_icons_position_left\"><div class=\"vc_column-inner\"><div class=\"wpb_wrapper\"><div class=\"vc_empty_space\"   style=\"height: 70px\"><span class=\"vc_empty_space_inner\"><\/span><\/div><\/div><\/div><\/div><\/div><div class=\"vc_row wpb_row vc_row-fluid vc_custom_1527690597112 vc_row-has-fill\"><div class=\"wpb_column vc_column_container vc_col-sm-12 sc_layouts_column_icons_position_left\"><div class=\"vc_column-inner\"><div class=\"wpb_wrapper\"><div class=\"vc_empty_space\"   style=\"height: 4em\"><span class=\"vc_empty_space_inner\"><\/span><\/div><div id=\"sc_content_1786704995\"\n\t\tclass=\"sc_content color_style_default sc_content_default sc_float_center p70\"><div class=\"sc_content_container\">\n\t<div class=\"wpb_text_column wpb_content_element\" >\n\t\t<div class=\"wpb_wrapper\">\n\t\t\t<h5>Me\u00f0fer\u00f0 Allt mitt \u00e1 pers\u00f3nuuppl\u00fdsingum<\/h5>\n<p>Allar pers\u00f3nuuppl\u00fdsingar sem kunna a\u00f0 a\u00f0 ver\u00f0a til vi\u00f0 notkun \u00e1 vafrak\u00f6kum e\u00f0a \u00feegar stofna\u00f0 er til vi\u00f0skipta ver\u00f0a me\u00f0h\u00f6ndla\u00f0ar og unni\u00f0 me\u00f0 \u00fe\u00e6r \u00ed samr\u00e6mi vi\u00f0 \u00e1kv\u00e6\u00f0i laga nr. 90\/2018 um pers\u00f3nuververnd og me\u00f0fer\u00f0 pers\u00f3nuuppl\u00fdsinga. Allt mitt l\u00fdsir \u00fev\u00ed yfir a\u00f0 ekki ver\u00f0i unni\u00f0 me\u00f0 sl\u00edkar uppl\u00fdsingar \u00ed \u00f6\u00f0rum tilgangi en a\u00f0 framan greinir og \u00fe\u00e1 ver\u00f0a uppl\u00fdsingarnar ekki var\u00f0veittar lengur en \u00fe\u00f6rf krefur mi\u00f0a\u00f0 vi\u00f0 tilgang vinnslu.<\/p>\n\n\t\t<\/div>\n\t<\/div>\n<\/div><\/div><!-- \/.sc_content --><div class=\"vc_empty_space\"   style=\"height: 4em\"><span class=\"vc_empty_space_inner\"><\/span><\/div><\/div><\/div><\/div><\/div><div class=\"vc_row wpb_row vc_row-fluid\"><div class=\"wpb_column vc_column_container vc_col-sm-12 sc_layouts_column_icons_position_left\"><div class=\"vc_column-inner\"><div class=\"wpb_wrapper\"><div class=\"vc_empty_space\"   style=\"height: 70px\"><span class=\"vc_empty_space_inner\"><\/span><\/div><\/div><\/div><\/div><\/div><div class=\"vc_row wpb_row vc_row-fluid vc_custom_1527690601612 vc_row-has-fill\"><div class=\"wpb_column vc_column_container vc_col-sm-12 sc_layouts_column_icons_position_left\"><div class=\"vc_column-inner\"><div class=\"wpb_wrapper\"><div class=\"vc_empty_space\"   style=\"height: 4em\"><span class=\"vc_empty_space_inner\"><\/span><\/div><div id=\"sc_content_1716434647\"\n\t\tclass=\"sc_content color_style_default sc_content_default sc_float_center p70\"><div class=\"sc_content_container\">\n\t<div class=\"wpb_text_column wpb_content_element\" >\n\t\t<div class=\"wpb_wrapper\">\n\t\t\t<h5>Hva\u00f0 eru pers\u00f3nuuppl\u00fdsingar<\/h5>\n<p>Pers\u00f3nuuppl\u00fdsingar tekur til hvers kyns uppl\u00fdsingar sem notandi gefur fyrirt\u00e6kinu svo h\u00e6gt s\u00e9 a\u00f0 tryggja faglega og \u00e1rei\u00f0anlega barnap\u00f6ssun \u00fear sem \u00f6ryggi barnanna er \u00ed fyrirr\u00fami.<\/p>\n<h6><span style=\"font-weight: 400;\">Mi\u00f0lun til \u00feri\u00f0ja a\u00f0ila<\/span><\/h6>\n<p>Pers\u00f3nuuppl\u00fdsingar sem notendur gefa upp eru einungis mi\u00f0la\u00f0 til \u00feeirra barnap\u00edu sem mun sj\u00e1 um barnap\u00f6ssunina. Athuga a\u00f0 allar uppl\u00fdsingar eru mi\u00f0la\u00f0ar \u00e1fram \u00ed gegnum l\u00e6stan a\u00f0ganga.<\/p>\n<h6><span style=\"font-weight: 400;\">Pers\u00f3nuuppl\u00fdsingar sem Allt Mitt me\u00f0h\u00f6ndlar<\/span><\/h6>\n<p>\u00dej\u00f3nustan okkar krefst \u00feess a\u00f0 notendur gefi upp \u00e1kve\u00f0nar uppl\u00fdsingar svo h\u00e6gt s\u00e9 a\u00f0 veita \u00f6rugga barnap\u00f6ssun. Hagsmunir fj\u00f6lskyldunnar eru \u00e1vallt \u00ed fyrir\u00fami og g\u00e6tir Allt mitt h\u00f3fs \u00ed gagnas\u00f6fnum og safnar einungis nau\u00f0synlegum g\u00f6gnum til a\u00f0 veita notendum pers\u00f3nulega og einstaklingsmi\u00f0a\u00f0a \u00fej\u00f3nustu. Ef uppl\u00fdsinar eru vi\u00f0kv\u00e6mar m\u00e6lir fyrirt\u00e6ki\u00f0 me\u00f0 a\u00f0 hafa samband s\u00edmlei\u00f0is vi\u00f0 starfsf\u00f3lk okkar.<\/p>\n\n\t\t<\/div>\n\t<\/div>\n<\/div><\/div><!-- \/.sc_content --><div class=\"vc_empty_space\"   style=\"height: 4em\"><span class=\"vc_empty_space_inner\"><\/span><\/div><\/div><\/div><\/div><\/div><div class=\"vc_row wpb_row vc_row-fluid\"><div class=\"wpb_column vc_column_container vc_col-sm-12 sc_layouts_column_icons_position_left\"><div class=\"vc_column-inner\"><div class=\"wpb_wrapper\"><div class=\"vc_empty_space\"   style=\"height: 70px\"><span class=\"vc_empty_space_inner\"><\/span><\/div><\/div><\/div><\/div><\/div><div class=\"vc_row wpb_row vc_row-fluid vc_custom_1527690606563 vc_row-has-fill\"><div class=\"wpb_column vc_column_container vc_col-sm-12 sc_layouts_column_icons_position_left\"><div class=\"vc_column-inner\"><div class=\"wpb_wrapper\"><div class=\"vc_empty_space\"   style=\"height: 4em\"><span class=\"vc_empty_space_inner\"><\/span><\/div><div id=\"sc_content_58568555\"\n\t\tclass=\"sc_content color_style_default sc_content_default sc_float_center p70\"><div class=\"sc_content_container\">\n\t<div class=\"wpb_text_column wpb_content_element\" >\n\t\t<div class=\"wpb_wrapper\">\n\t\t\t<h5>Hvernig tryggjum vi\u00f0 \u00f6ryggi pers\u00f3nuuppl\u00fdsinga \u00feinna?<\/h5>\n<p>Pers\u00f3nuuppl\u00fdsingar eru geymdar \u00ed vi\u00f0urkenndum t\u00f6lvukerfum \u00fear sem passa\u00f0 er upp \u00e1 a\u00f0 einungis \u00feeir sem \u00feurfa a\u00f0gang a\u00f0 g\u00f6gnunum hafi sl\u00edkt. \u00deegar b\u00fai\u00f0 er a\u00f0 finna barnap\u00edu sem uppfyllir kr\u00f6fur notanda er barnap\u00edunni sendar \u00fe\u00e6r uppl\u00fdsingar sem mikilv\u00e6gt er a\u00f0 hafa til a\u00f0 geta sinnt barnap\u00f6ssuninni. \u00deessar uppl\u00fdsingar eru geymdar \u00ed l\u00e6stu skjali sem krefst lykilor\u00f0s til a\u00f0 opna og eru sendar me\u00f0 t\u00f6lvup\u00f3sti \u00feegar b\u00fai\u00f0 er sta\u00f0festa a\u00f0 s\u00fa barnap\u00eda mun sj\u00e1 um p\u00f6ssunina.<\/p>\n<h6><span style=\"font-weight: 400;\">Hve lengi var\u00f0veitum vi\u00f0 uppl\u00fdsingarnar?<\/span><\/h6>\n<p>\u00c1 me\u00f0an notendur eru regulega a\u00f0 b\u00f3ka barnap\u00f6ssun \u00ed gegnum fyrirt\u00e6ki\u00f0 eru pers\u00f3nuuppl\u00fdsingar var\u00f0veittar. Ef barnap\u00f6ssun hefur ekki veri\u00f0 b\u00f3ku\u00f0 \u00ed meira ein eitt \u00e1r ver\u00f0ur \u00f6llum pers\u00f3nuuppl\u00fdsingum eytt. \u00d3ski notanda eftir \u00e1framhaldandi \u00fej\u00f3nustu \u00fearf a\u00f0 fylla \u00fat \u201eN\u00fdskr\u00e1ningu\u201c \u00e1 n\u00fd.<\/p>\n<h6><span style=\"font-weight: 400;\">Breytingar<\/span><\/h6>\n<p>Allt Mitt \u00e1skilur s\u00e9r r\u00e9tt til \u00feess a\u00f0 breyta e\u00f0a uppf\u00e6ra pers\u00f3nuverndarstefnu \u00feessa hven\u00e6r sem er, \u00e1n fyrirvara. N\u00fd \u00fatg\u00e1fa er au\u00f0kennd me\u00f0 \u00fatg\u00e1fudegi.<\/p>\n<p>Ef \u00fe\u00fa hefur einhverjar frekari spurningar ekki hika vi\u00f0 a\u00f0 hafa samband vi\u00f0 okkur \u00e1 t\u00f6lvup\u00f3stfangi\u00f0 babysitting@babysitting.is<\/p>\n\n\t\t<\/div>\n\t<\/div>\n<\/div><\/div><!-- \/.sc_content --><div class=\"vc_empty_space\"   style=\"height: 4em\"><span class=\"vc_empty_space_inner\"><\/span><\/div><\/div><\/div><\/div><\/div><div class=\"vc_row wpb_row vc_row-fluid\"><div class=\"wpb_column vc_column_container vc_col-sm-12 sc_layouts_column_icons_position_left\"><div class=\"vc_column-inner\"><div class=\"wpb_wrapper\"><div class=\"vc_empty_space\"   style=\"height: 70px\"><span class=\"vc_empty_space_inner\"><\/span><\/div><\/div><\/div><\/div><\/div>\n<\/div>","protected":false},"excerpt":{"rendered":"Me\u00f0fer\u00f0 pers\u00f3nuuppl\u00fdsinga Allt mitt barnap\u00f6ssun kennitala 480523-0750 (h\u00e9r eftir v\u00edsa\u00f0 til sem Allt Mitt e\u00f0a fyrirt\u00e6ki\u00f0) hefur einsett s\u00e9r a\u00f0 tryggja \u00e1rei\u00f0anleika, tr\u00fana\u00f0 og \u00f6ryggi pers\u00f3nuuppl\u00fdsinga sem koma fr\u00e1 notendum \u00fej\u00f3nustunnar. Fyrirt\u00e6ki\u00f0 sem og barnap\u00edur me\u00f0 samning vi\u00f0 fyrirt\u00e6ki\u00f0 fara me\u00f0 allar uppl\u00fdsingar sem gefnar&hellip;","protected":false},"author":1,"featured_media":0,"parent":0,"menu_order":0,"comment_status":"closed","ping_status":"closed","template":"","meta":{"footnotes":""},"class_list":["post-917","page","type-page","status-publish","hentry"],"_links":{"self":[{"href":"https:\/\/babysitting.is\/en\/wp-json\/wp\/v2\/pages\/917","targetHints":{"allow":["GET"]}}],"collection":[{"href":"https:\/\/babysitting.is\/en\/wp-json\/wp\/v2\/pages"}],"about":[{"href":"https:\/\/babysitting.is\/en\/wp-json\/wp\/v2\/types\/page"}],"author":[{"embeddable":true,"href":"https:\/\/babysitting.is\/en\/wp-json\/wp\/v2\/users\/1"}],"replies":[{"embeddable":true,"href":"https:\/\/babysitting.is\/en\/wp-json\/wp\/v2\/comments?post=917"}],"version-history":[{"count":6,"href":"https:\/\/babysitting.is\/en\/wp-json\/wp\/v2\/pages\/917\/revisions"}],"predecessor-version":[{"id":1887,"href":"https:\/\/babysitting.is\/en\/wp-json\/wp\/v2\/pages\/917\/revisions\/1887"}],"wp:attachment":[{"href":"https:\/\/babysitting.is\/en\/wp-json\/wp\/v2\/media?parent=917"}],"curies":[{"name":"wp","href":"https:\/\/api.w.org\/{rel}","templated":true}]}}